{"id":14,"date":"2024-03-19T21:20:32","date_gmt":"2024-03-20T02:20:32","guid":{"rendered":"https:\/\/trebolserviciosgenerales.com\/?page_id=14"},"modified":"2026-03-03T15:45:19","modified_gmt":"2026-03-03T20:45:19","slug":"empresa","status":"publish","type":"page","link":"https:\/\/trebolserviciosgenerales.com\/index.php\/empresa\/","title":{"rendered":"Empresa"},"content":{"rendered":"\t\t<div data-elementor-type=\"wp-page\" data-elementor-id=\"14\" class=\"elementor elementor-14\" data-elementor-post-type=\"page\">\n\t\t\t\t<div class=\"elementor-element elementor-element-ed4b39e e-flex e-con-boxed e-con e-parent\" data-id=\"ed4b39e\" data-element_type=\"container\" data-e-type=\"container\" data-settings=\"{&quot;background_background&quot;:&quot;slideshow&quot;,&quot;background_slideshow_gallery&quot;:[{&quot;id&quot;:742,&quot;url&quot;:&quot;https:\\\/\\\/trebolserviciosgenerales.com\\\/wp-content\\\/uploads\\\/2024\\\/03\\\/fumitrebol-1.webp&quot;},{&quot;id&quot;:743,&quot;url&quot;:&quot;https:\\\/\\\/trebolserviciosgenerales.com\\\/wp-content\\\/uploads\\\/2024\\\/03\\\/JARDINERIA.webp&quot;}],&quot;background_slideshow_ken_burns&quot;:&quot;yes&quot;,&quot;background_slideshow_loop&quot;:&quot;yes&quot;,&quot;background_slideshow_slide_duration&quot;:5000,&quot;background_slideshow_slide_transition&quot;:&quot;fade&quot;,&quot;background_slideshow_transition_duration&quot;:500,&quot;background_slideshow_ken_burns_zoom_direction&quot;:&quot;in&quot;}\">\n\t\t\t\t\t<div class=\"e-con-inner\">\n\t\t\t\t<div class=\"elementor-element elementor-element-25c0438 elementor-widget elementor-widget-image\" data-id=\"25c0438\" data-element_type=\"widget\" data-e-type=\"widget\" data-widget_type=\"image.default\">\n\t\t\t\t<div class=\"elementor-widget-container\">\n\t\t\t\t\t\t\t\t\t\t\t\t\t\t\t<img fetchpriority=\"high\" decoding=\"async\" width=\"500\" height=\"500\" src=\"https:\/\/trebolserviciosgenerales.com\/wp-content\/uploads\/2024\/03\/Diseno_sin_titulo__2_-removebg-preview.png\" class=\"attachment-large size-large wp-image-801\" alt=\"\" srcset=\"https:\/\/trebolserviciosgenerales.com\/wp-content\/uploads\/2024\/03\/Diseno_sin_titulo__2_-removebg-preview.png 500w, https:\/\/trebolserviciosgenerales.com\/wp-content\/uploads\/2024\/03\/Diseno_sin_titulo__2_-removebg-preview-300x300.png 300w, https:\/\/trebolserviciosgenerales.com\/wp-content\/uploads\/2024\/03\/Diseno_sin_titulo__2_-removebg-preview-150x150.png 150w\" sizes=\"(max-width: 500px) 100vw, 500px\" \/>\t\t\t\t\t\t\t\t\t\t\t\t\t\t\t<\/div>\n\t\t\t\t<\/div>\n\t\t\t\t\t<\/div>\n\t\t\t\t<\/div>\n\t\t<div class=\"elementor-element elementor-element-70bca02 e-flex e-con-boxed e-con e-parent\" data-id=\"70bca02\" data-element_type=\"container\" data-e-type=\"container\">\n\t\t\t\t\t<div class=\"e-con-inner\">\n\t\t\t\t<div class=\"elementor-element elementor-element-50b2923 elementor-widget elementor-widget-heading\" data-id=\"50b2923\" data-element_type=\"widget\" data-e-type=\"widget\" data-widget_type=\"heading.default\">\n\t\t\t\t<div class=\"elementor-widget-container\">\n\t\t\t\t\t<h2 class=\"elementor-heading-title elementor-size-default\">BIENVENIDOS <\/h2>\t\t\t\t<\/div>\n\t\t\t\t<\/div>\n\t\t\t\t\t<\/div>\n\t\t\t\t<\/div>\n\t\t<div class=\"elementor-element elementor-element-c8b0056 e-flex e-con-boxed e-con e-parent\" data-id=\"c8b0056\" data-element_type=\"container\" data-e-type=\"container\">\n\t\t\t\t\t<div class=\"e-con-inner\">\n\t\t<div class=\"elementor-element elementor-element-951ee49 e-con-full e-flex e-con e-child\" data-id=\"951ee49\" data-element_type=\"container\" data-e-type=\"container\">\n\t\t\t\t<div class=\"elementor-element elementor-element-9cd937b elementor-widget elementor-widget-heading\" data-id=\"9cd937b\" data-element_type=\"widget\" data-e-type=\"widget\" data-widget_type=\"heading.default\">\n\t\t\t\t<div class=\"elementor-widget-container\">\n\t\t\t\t\t<h2 class=\"elementor-heading-title elementor-size-default\">Misi\u00f3n<\/h2>\t\t\t\t<\/div>\n\t\t\t\t<\/div>\n\t\t\t\t<div class=\"elementor-element elementor-element-1d35cbb elementor-widget elementor-widget-text-editor\" data-id=\"1d35cbb\" data-element_type=\"widget\" data-e-type=\"widget\" data-widget_type=\"text-editor.default\">\n\t\t\t\t<div class=\"elementor-widget-container\">\n\t\t\t\t\t\t\t\t\t<p>Nuestra misi\u00f3n en Tr\u00e9bol Servicios Generales es ser l\u00edderes en la prestaci\u00f3n de servicios integrales, apoyados en procedimientos \u00e1giles, efectivos y econ\u00f3micos. Nos comprometemos a proporcionar soluciones que satisfagan las necesidades de nuestros clientes, manteniendo siempre altos est\u00e1ndares de calidad y eficiencia.<\/p>\t\t\t\t\t\t\t\t<\/div>\n\t\t\t\t<\/div>\n\t\t\t\t<\/div>\n\t\t<div class=\"elementor-element elementor-element-2c53b6e e-con-full e-flex e-con e-child\" data-id=\"2c53b6e\" data-element_type=\"container\" data-e-type=\"container\">\n\t\t\t\t<div class=\"elementor-element elementor-element-ae83b30 elementor-widget elementor-widget-image\" data-id=\"ae83b30\" data-element_type=\"widget\" data-e-type=\"widget\" data-widget_type=\"image.default\">\n\t\t\t\t<div class=\"elementor-widget-container\">\n\t\t\t\t\t\t\t\t\t\t\t\t\t\t\t<img decoding=\"async\" width=\"768\" height=\"1024\" src=\"https:\/\/trebolserviciosgenerales.com\/wp-content\/uploads\/2026\/03\/WhatsApp-Image-2026-03-03-at-3.36.49-PM-1-768x1024.jpeg\" class=\"attachment-large size-large wp-image-1149\" alt=\"\" srcset=\"https:\/\/trebolserviciosgenerales.com\/wp-content\/uploads\/2026\/03\/WhatsApp-Image-2026-03-03-at-3.36.49-PM-1-768x1024.jpeg 768w, https:\/\/trebolserviciosgenerales.com\/wp-content\/uploads\/2026\/03\/WhatsApp-Image-2026-03-03-at-3.36.49-PM-1-225x300.jpeg 225w, https:\/\/trebolserviciosgenerales.com\/wp-content\/uploads\/2026\/03\/WhatsApp-Image-2026-03-03-at-3.36.49-PM-1-1152x1536.jpeg 1152w, https:\/\/trebolserviciosgenerales.com\/wp-content\/uploads\/2026\/03\/WhatsApp-Image-2026-03-03-at-3.36.49-PM-1.jpeg 1200w\" sizes=\"(max-width: 768px) 100vw, 768px\" \/>\t\t\t\t\t\t\t\t\t\t\t\t\t\t\t<\/div>\n\t\t\t\t<\/div>\n\t\t\t\t<\/div>\n\t\t\t\t\t<\/div>\n\t\t\t\t<\/div>\n\t\t<div class=\"elementor-element elementor-element-0504838 e-flex e-con-boxed e-con e-parent\" data-id=\"0504838\" data-element_type=\"container\" data-e-type=\"container\">\n\t\t\t\t\t<div class=\"e-con-inner\">\n\t\t<div class=\"elementor-element elementor-element-15bdb0a e-con-full e-flex e-con e-child\" data-id=\"15bdb0a\" data-element_type=\"container\" data-e-type=\"container\">\n\t\t\t\t<div class=\"elementor-element elementor-element-664dfd6 elementor-widget elementor-widget-image\" data-id=\"664dfd6\" data-element_type=\"widget\" data-e-type=\"widget\" data-widget_type=\"image.default\">\n\t\t\t\t<div class=\"elementor-widget-container\">\n\t\t\t\t\t\t\t\t\t\t\t\t\t\t\t<img decoding=\"async\" width=\"768\" height=\"1024\" src=\"https:\/\/trebolserviciosgenerales.com\/wp-content\/uploads\/2026\/03\/WhatsApp-Image-2026-03-03-at-3.34.55-PM-3-768x1024.jpeg\" class=\"attachment-large size-large wp-image-1153\" alt=\"\" srcset=\"https:\/\/trebolserviciosgenerales.com\/wp-content\/uploads\/2026\/03\/WhatsApp-Image-2026-03-03-at-3.34.55-PM-3-768x1024.jpeg 768w, https:\/\/trebolserviciosgenerales.com\/wp-content\/uploads\/2026\/03\/WhatsApp-Image-2026-03-03-at-3.34.55-PM-3-225x300.jpeg 225w, https:\/\/trebolserviciosgenerales.com\/wp-content\/uploads\/2026\/03\/WhatsApp-Image-2026-03-03-at-3.34.55-PM-3-1152x1536.jpeg 1152w, https:\/\/trebolserviciosgenerales.com\/wp-content\/uploads\/2026\/03\/WhatsApp-Image-2026-03-03-at-3.34.55-PM-3.jpeg 1200w\" sizes=\"(max-width: 768px) 100vw, 768px\" \/>\t\t\t\t\t\t\t\t\t\t\t\t\t\t\t<\/div>\n\t\t\t\t<\/div>\n\t\t\t\t<\/div>\n\t\t<div class=\"elementor-element elementor-element-9c572fd e-con-full e-flex e-con e-child\" data-id=\"9c572fd\" data-element_type=\"container\" data-e-type=\"container\">\n\t\t\t\t<div class=\"elementor-element elementor-element-61a325a elementor-widget elementor-widget-heading\" data-id=\"61a325a\" data-element_type=\"widget\" data-e-type=\"widget\" data-widget_type=\"heading.default\">\n\t\t\t\t<div class=\"elementor-widget-container\">\n\t\t\t\t\t<h2 class=\"elementor-heading-title elementor-size-default\">Visi\u00f3n<\/h2>\t\t\t\t<\/div>\n\t\t\t\t<\/div>\n\t\t\t\t<div class=\"elementor-element elementor-element-1f76498 elementor-widget elementor-widget-text-editor\" data-id=\"1f76498\" data-element_type=\"widget\" data-e-type=\"widget\" data-widget_type=\"text-editor.default\">\n\t\t\t\t<div class=\"elementor-widget-container\">\n\t\t\t\t\t\t\t\t\t<p>Nos esforzamos por ser reconocidos como una empresa l\u00edder en el sector, destacando por la calidad de nuestros servicios, la constante capacitaci\u00f3n y actualizaci\u00f3n de nuestros colaboradores, y por nuestra contribuci\u00f3n al desarrollo social y econ\u00f3mico de nuestra regi\u00f3n. Buscamos impulsar el empleo local y generar oportunidades reales de crecimiento para nuestros empleados y para la comunidad en general.<\/p>\t\t\t\t\t\t\t\t<\/div>\n\t\t\t\t<\/div>\n\t\t\t\t<\/div>\n\t\t\t\t\t<\/div>\n\t\t\t\t<\/div>\n\t\t<div class=\"elementor-element elementor-element-82da96d e-flex e-con-boxed e-con e-parent\" data-id=\"82da96d\" data-element_type=\"container\" data-e-type=\"container\">\n\t\t\t\t\t<div class=\"e-con-inner\">\n\t\t<div class=\"elementor-element elementor-element-7942ce2 e-con-full e-flex e-con e-child\" data-id=\"7942ce2\" data-element_type=\"container\" data-e-type=\"container\">\n\t\t\t\t<div class=\"elementor-element elementor-element-122a7dd elementor-widget elementor-widget-image\" data-id=\"122a7dd\" data-element_type=\"widget\" data-e-type=\"widget\" data-widget_type=\"image.default\">\n\t\t\t\t<div class=\"elementor-widget-container\">\n\t\t\t\t\t\t\t\t\t\t\t\t\t\t\t<img loading=\"lazy\" decoding=\"async\" width=\"768\" height=\"1024\" src=\"https:\/\/trebolserviciosgenerales.com\/wp-content\/uploads\/2026\/03\/WhatsApp-Image-2026-03-03-at-3.34.56-PM-1-768x1024.jpeg\" class=\"attachment-large size-large wp-image-1154\" alt=\"\" srcset=\"https:\/\/trebolserviciosgenerales.com\/wp-content\/uploads\/2026\/03\/WhatsApp-Image-2026-03-03-at-3.34.56-PM-1-768x1024.jpeg 768w, https:\/\/trebolserviciosgenerales.com\/wp-content\/uploads\/2026\/03\/WhatsApp-Image-2026-03-03-at-3.34.56-PM-1-225x300.jpeg 225w, https:\/\/trebolserviciosgenerales.com\/wp-content\/uploads\/2026\/03\/WhatsApp-Image-2026-03-03-at-3.34.56-PM-1-1152x1536.jpeg 1152w, https:\/\/trebolserviciosgenerales.com\/wp-content\/uploads\/2026\/03\/WhatsApp-Image-2026-03-03-at-3.34.56-PM-1.jpeg 1200w\" sizes=\"(max-width: 768px) 100vw, 768px\" \/>\t\t\t\t\t\t\t\t\t\t\t\t\t\t\t<\/div>\n\t\t\t\t<\/div>\n\t\t\t\t<\/div>\n\t\t<div class=\"elementor-element elementor-element-670dd61 e-con-full e-flex e-con e-child\" data-id=\"670dd61\" data-element_type=\"container\" data-e-type=\"container\">\n\t\t\t\t<div class=\"elementor-element elementor-element-fb559c9 elementor-widget elementor-widget-heading\" data-id=\"fb559c9\" data-element_type=\"widget\" data-e-type=\"widget\" data-widget_type=\"heading.default\">\n\t\t\t\t<div class=\"elementor-widget-container\">\n\t\t\t\t\t<h2 class=\"elementor-heading-title elementor-size-default\">Innovaci\u00f3n y Compromiso de Nuestra Compa\u00f1ia<\/h2>\t\t\t\t<\/div>\n\t\t\t\t<\/div>\n\t\t\t\t<div class=\"elementor-element elementor-element-d172334 elementor-widget elementor-widget-text-editor\" data-id=\"d172334\" data-element_type=\"widget\" data-e-type=\"widget\" data-widget_type=\"text-editor.default\">\n\t\t\t\t<div class=\"elementor-widget-container\">\n\t\t\t\t\t\t\t\t\t<p>En Tr\u00e9bol Servicios Generales, estamos comprometidos con la excelencia, la innovaci\u00f3n y la satisfacci\u00f3n del cliente en cada proyecto que emprendemos. Conf\u00ede en nosotros para hacer de sus espacios un lugar m\u00e1s seguro, atractivo y funcional.<\/p>\t\t\t\t\t\t\t\t<\/div>\n\t\t\t\t<\/div>\n\t\t\t\t<\/div>\n\t\t\t\t\t<\/div>\n\t\t\t\t<\/div>\n\t\t<div class=\"elementor-element elementor-element-d104f81 e-flex e-con-boxed e-con e-parent\" data-id=\"d104f81\" data-element_type=\"container\" data-e-type=\"container\">\n\t\t\t\t\t<div class=\"e-con-inner\">\n\t\t\t\t<div class=\"elementor-element elementor-element-27110df elementor-widget elementor-widget-heading\" data-id=\"27110df\" data-element_type=\"widget\" data-e-type=\"widget\" data-widget_type=\"heading.default\">\n\t\t\t\t<div class=\"elementor-widget-container\">\n\t\t\t\t\t<h2 class=\"elementor-heading-title elementor-size-default\">\"\u00a1Potencia tu \u00c9xito con Nuestros Servicios Excepcionales!\"<\/h2>\t\t\t\t<\/div>\n\t\t\t\t<\/div>\n\t\t\t\t<div class=\"elementor-element elementor-element-6bffb7f elementor-widget elementor-widget-text-editor\" data-id=\"6bffb7f\" data-element_type=\"widget\" data-e-type=\"widget\" data-widget_type=\"text-editor.default\">\n\t\t\t\t<div class=\"elementor-widget-container\">\n\t\t\t\t\t\t\t\t\t<p><strong>En Tr\u00e9bol Servicios Generales, nos regimos por una serie de valores fundamentales que gu\u00edan todas nuestras acciones<\/strong>:\u00a0<\/p><ul><li><strong>Excelencia:<\/strong> Nos esforzamos por ofrecer servicios de la m\u00e1s alta calidad, superando las expectativas de nuestros clientes en cada proyecto.<\/li><li><strong>Transparencia:<\/strong> Actuamos con honestidad y claridad en todas nuestras relaciones comerciales, manteniendo una comunicaci\u00f3n abierta y sincera.<\/li><li><strong>Respeto:<\/strong> Valoramos la diversidad y tratamos a todas las personas con respeto y dignidad, fomentando un ambiente laboral inclusivo y colaborativo.<\/li><li><strong>Seguridad:<\/strong> Priorizamos la seguridad en todas nuestras actividades, tanto para nuestros empleados como para nuestros clientes y sus instalaciones.<\/li><li><strong>Atenci\u00f3n inmediata:<\/strong> Respondemos de manera r\u00e1pida y eficiente a las necesidades y requerimientos de nuestros clientes, brindando soluciones oportunas.<\/li><li><strong>Confianza:<\/strong> Construimos relaciones s\u00f3lidas basadas en la confianza mutua con nuestros clientes, colaboradores y socios comerciales.<\/li><li><strong>Capacitaci\u00f3n:<\/strong> Invertimos en la formaci\u00f3n y desarrollo de nuestro equipo, asegurando que est\u00e9n siempre actualizados y preparados para enfrentar nuevos desaf\u00edos.<\/li><\/ul>\t\t\t\t\t\t\t\t<\/div>\n\t\t\t\t<\/div>\n\t\t\t\t<div class=\"elementor-element elementor-element-bd03b58 elementor-align-justify elementor-widget elementor-widget-button\" data-id=\"bd03b58\" data-element_type=\"widget\" data-e-type=\"widget\" data-widget_type=\"button.default\">\n\t\t\t\t<div class=\"elementor-widget-container\">\n\t\t\t\t\t\t\t\t\t<div class=\"elementor-button-wrapper\">\n\t\t\t\t\t<a class=\"elementor-button elementor-button-link elementor-size-sm\" href=\"https:\/\/wa.link\/3igs2v\">\n\t\t\t\t\t\t<span class=\"elementor-button-content-wrapper\">\n\t\t\t\t\t\t<span class=\"elementor-button-icon\">\n\t\t\t\t<svg aria-hidden=\"true\" class=\"e-font-icon-svg e-fab-whatsapp\" viewBox=\"0 0 448 512\" xmlns=\"http:\/\/www.w3.org\/2000\/svg\"><path d=\"M380.9 97.1C339 55.1 283.2 32 223.9 32c-122.4 0-222 99.6-222 222 0 39.1 10.2 77.3 29.6 111L0 480l117.7-30.9c32.4 17.7 68.9 27 106.1 27h.1c122.3 0 224.1-99.6 224.1-222 0-59.3-25.2-115-67.1-157zm-157 341.6c-33.2 0-65.7-8.9-94-25.7l-6.7-4-69.8 18.3L72 359.2l-4.4-7c-18.5-29.4-28.2-63.3-28.2-98.2 0-101.7 82.8-184.5 184.6-184.5 49.3 0 95.6 19.2 130.4 54.1 34.8 34.9 56.2 81.2 56.1 130.5 0 101.8-84.9 184.6-186.6 184.6zm101.2-138.2c-5.5-2.8-32.8-16.2-37.9-18-5.1-1.9-8.8-2.8-12.5 2.8-3.7 5.6-14.3 18-17.6 21.8-3.2 3.7-6.5 4.2-12 1.4-32.6-16.3-54-29.1-75.5-66-5.7-9.8 5.7-9.1 16.3-30.3 1.8-3.7.9-6.9-.5-9.7-1.4-2.8-12.5-30.1-17.1-41.2-4.5-10.8-9.1-9.3-12.5-9.5-3.2-.2-6.9-.2-10.6-.2-3.7 0-9.7 1.4-14.8 6.9-5.1 5.6-19.4 19-19.4 46.3 0 27.3 19.9 53.7 22.6 57.4 2.8 3.7 39.1 59.7 94.8 83.8 35.2 15.2 49 16.5 66.6 13.9 10.7-1.6 32.8-13.4 37.4-26.4 4.6-13 4.6-24.1 3.2-26.4-1.3-2.5-5-3.9-10.5-6.6z\"><\/path><\/svg>\t\t\t<\/span>\n\t\t\t\t\t\t\t\t\t<span class=\"elementor-button-text\">Pide tu presupuesto!!<\/span>\n\t\t\t\t\t<\/span>\n\t\t\t\t\t<\/a>\n\t\t\t\t<\/div>\n\t\t\t\t\t\t\t\t<\/div>\n\t\t\t\t<\/div>\n\t\t\t\t<div class=\"elementor-element elementor-element-ab178ad elementor-widget elementor-widget-spacer\" data-id=\"ab178ad\" data-element_type=\"widget\" data-e-type=\"widget\" data-widget_type=\"spacer.default\">\n\t\t\t\t<div class=\"elementor-widget-container\">\n\t\t\t\t\t\t\t<div class=\"elementor-spacer\">\n\t\t\t<div class=\"elementor-spacer-inner\"><\/div>\n\t\t<\/div>\n\t\t\t\t\t\t<\/div>\n\t\t\t\t<\/div>\n\t\t\t\t\t<\/div>\n\t\t\t\t<\/div>\n\t\t\t\t<\/div>\n\t\t","protected":false},"excerpt":{"rendered":"<p>BIENVENIDOS Misi\u00f3n Nuestra misi\u00f3n en Tr\u00e9bol Servicios Generales es ser l\u00edderes en la prestaci\u00f3n de servicios integrales, apoyados en procedimientos \u00e1giles, efectivos y econ\u00f3micos. Nos comprometemos a proporcionar soluciones que satisfagan las necesidades de nuestros clientes, manteniendo siempre altos est\u00e1ndares de calidad y eficiencia. Visi\u00f3n Nos esforzamos por ser reconocidos como una empresa l\u00edder en &#8230; <a title=\"Empresa\" class=\"read-more\" href=\"https:\/\/trebolserviciosgenerales.com\/index.php\/empresa\/\" aria-label=\"Read more about Empresa\">Leer m\u00e1s<\/a><\/p>\n","protected":false},"author":1,"featured_media":0,"parent":0,"menu_order":0,"comment_status":"closed","ping_status":"closed","template":"elementor_header_footer","meta":{"footnotes":""},"class_list":["post-14","page","type-page","status-publish"],"yoast_head":"<!-- This site is optimized with the Yoast SEO plugin v27.2 - https:\/\/yoast.com\/product\/yoast-seo-wordpress\/ -->\n<title>Empresa - El Tr\u00e9bol servicios generales<\/title>\n<meta name=\"robots\" content=\"index, follow, max-snippet:-1, max-image-preview:large, max-video-preview:-1\" \/>\n<link rel=\"canonical\" href=\"https:\/\/trebolserviciosgenerales.com\/index.php\/empresa\/\" \/>\n<meta property=\"og:locale\" content=\"es_ES\" \/>\n<meta property=\"og:type\" content=\"article\" \/>\n<meta property=\"og:title\" content=\"Empresa - El Tr\u00e9bol servicios generales\" \/>\n<meta property=\"og:description\" content=\"BIENVENIDOS Misi\u00f3n Nuestra misi\u00f3n en Tr\u00e9bol Servicios Generales es ser l\u00edderes en la prestaci\u00f3n de servicios integrales, apoyados en procedimientos \u00e1giles, efectivos y econ\u00f3micos. Nos comprometemos a proporcionar soluciones que satisfagan las necesidades de nuestros clientes, manteniendo siempre altos est\u00e1ndares de calidad y eficiencia. Visi\u00f3n Nos esforzamos por ser reconocidos como una empresa l\u00edder en ... Leer m\u00e1s\" \/>\n<meta property=\"og:url\" content=\"https:\/\/trebolserviciosgenerales.com\/index.php\/empresa\/\" \/>\n<meta property=\"og:site_name\" content=\"El Tr\u00e9bol servicios generales\" \/>\n<meta property=\"article:modified_time\" content=\"2026-03-03T20:45:19+00:00\" \/>\n<meta property=\"og:image\" content=\"https:\/\/trebolserviciosgenerales.com\/wp-content\/uploads\/2024\/03\/Diseno_sin_titulo__2_-removebg-preview.png\" \/>\n<meta name=\"twitter:card\" content=\"summary_large_image\" \/>\n<meta name=\"twitter:label1\" content=\"Tiempo estimado de lectura\" \/>\n\t<meta name=\"twitter:data1\" content=\"3 minutos\" \/>\n<script type=\"application\/ld+json\" class=\"yoast-schema-graph\">{\"@context\":\"https:\/\/schema.org\",\"@graph\":[{\"@type\":\"WebPage\",\"@id\":\"https:\/\/trebolserviciosgenerales.com\/index.php\/empresa\/\",\"url\":\"https:\/\/trebolserviciosgenerales.com\/index.php\/empresa\/\",\"name\":\"Empresa - El Tr\u00e9bol servicios generales\",\"isPartOf\":{\"@id\":\"https:\/\/trebolserviciosgenerales.com\/#website\"},\"primaryImageOfPage\":{\"@id\":\"https:\/\/trebolserviciosgenerales.com\/index.php\/empresa\/#primaryimage\"},\"image\":{\"@id\":\"https:\/\/trebolserviciosgenerales.com\/index.php\/empresa\/#primaryimage\"},\"thumbnailUrl\":\"https:\/\/trebolserviciosgenerales.com\/wp-content\/uploads\/2024\/03\/Diseno_sin_titulo__2_-removebg-preview.png\",\"datePublished\":\"2024-03-20T02:20:32+00:00\",\"dateModified\":\"2026-03-03T20:45:19+00:00\",\"breadcrumb\":{\"@id\":\"https:\/\/trebolserviciosgenerales.com\/index.php\/empresa\/#breadcrumb\"},\"inLanguage\":\"es-CO\",\"potentialAction\":[{\"@type\":\"ReadAction\",\"target\":[\"https:\/\/trebolserviciosgenerales.com\/index.php\/empresa\/\"]}]},{\"@type\":\"ImageObject\",\"inLanguage\":\"es-CO\",\"@id\":\"https:\/\/trebolserviciosgenerales.com\/index.php\/empresa\/#primaryimage\",\"url\":\"https:\/\/trebolserviciosgenerales.com\/wp-content\/uploads\/2024\/03\/Diseno_sin_titulo__2_-removebg-preview.png\",\"contentUrl\":\"https:\/\/trebolserviciosgenerales.com\/wp-content\/uploads\/2024\/03\/Diseno_sin_titulo__2_-removebg-preview.png\",\"width\":500,\"height\":500},{\"@type\":\"BreadcrumbList\",\"@id\":\"https:\/\/trebolserviciosgenerales.com\/index.php\/empresa\/#breadcrumb\",\"itemListElement\":[{\"@type\":\"ListItem\",\"position\":1,\"name\":\"Inicio\",\"item\":\"https:\/\/trebolserviciosgenerales.com\/\"},{\"@type\":\"ListItem\",\"position\":2,\"name\":\"Empresa\"}]},{\"@type\":\"WebSite\",\"@id\":\"https:\/\/trebolserviciosgenerales.com\/#website\",\"url\":\"https:\/\/trebolserviciosgenerales.com\/\",\"name\":\"El Tr\u00e9bol servicios generales\",\"description\":\"\",\"publisher\":{\"@id\":\"https:\/\/trebolserviciosgenerales.com\/#organization\"},\"potentialAction\":[{\"@type\":\"SearchAction\",\"target\":{\"@type\":\"EntryPoint\",\"urlTemplate\":\"https:\/\/trebolserviciosgenerales.com\/?s={search_term_string}\"},\"query-input\":{\"@type\":\"PropertyValueSpecification\",\"valueRequired\":true,\"valueName\":\"search_term_string\"}}],\"inLanguage\":\"es-CO\"},{\"@type\":\"Organization\",\"@id\":\"https:\/\/trebolserviciosgenerales.com\/#organization\",\"name\":\"El Tr\u00e9bol servicios generales\",\"url\":\"https:\/\/trebolserviciosgenerales.com\/\",\"logo\":{\"@type\":\"ImageObject\",\"inLanguage\":\"es-CO\",\"@id\":\"https:\/\/trebolserviciosgenerales.com\/#\/schema\/logo\/image\/\",\"url\":\"https:\/\/trebolserviciosgenerales.com\/wp-content\/uploads\/2024\/03\/JRVMUSA-1.png\",\"contentUrl\":\"https:\/\/trebolserviciosgenerales.com\/wp-content\/uploads\/2024\/03\/JRVMUSA-1.png\",\"width\":1500,\"height\":500,\"caption\":\"El Tr\u00e9bol servicios generales\"},\"image\":{\"@id\":\"https:\/\/trebolserviciosgenerales.com\/#\/schema\/logo\/image\/\"}}]}<\/script>\n<!-- \/ Yoast SEO plugin. -->","yoast_head_json":{"title":"Empresa - El Tr\u00e9bol servicios generales","robots":{"index":"index","follow":"follow","max-snippet":"max-snippet:-1","max-image-preview":"max-image-preview:large","max-video-preview":"max-video-preview:-1"},"canonical":"https:\/\/trebolserviciosgenerales.com\/index.php\/empresa\/","og_locale":"es_ES","og_type":"article","og_title":"Empresa - El Tr\u00e9bol servicios generales","og_description":"BIENVENIDOS Misi\u00f3n Nuestra misi\u00f3n en Tr\u00e9bol Servicios Generales es ser l\u00edderes en la prestaci\u00f3n de servicios integrales, apoyados en procedimientos \u00e1giles, efectivos y econ\u00f3micos. Nos comprometemos a proporcionar soluciones que satisfagan las necesidades de nuestros clientes, manteniendo siempre altos est\u00e1ndares de calidad y eficiencia. Visi\u00f3n Nos esforzamos por ser reconocidos como una empresa l\u00edder en ... Leer m\u00e1s","og_url":"https:\/\/trebolserviciosgenerales.com\/index.php\/empresa\/","og_site_name":"El Tr\u00e9bol servicios generales","article_modified_time":"2026-03-03T20:45:19+00:00","og_image":[{"url":"https:\/\/trebolserviciosgenerales.com\/wp-content\/uploads\/2024\/03\/Diseno_sin_titulo__2_-removebg-preview.png","type":"","width":"","height":""}],"twitter_card":"summary_large_image","twitter_misc":{"Tiempo estimado de lectura":"3 minutos"},"schema":{"@context":"https:\/\/schema.org","@graph":[{"@type":"WebPage","@id":"https:\/\/trebolserviciosgenerales.com\/index.php\/empresa\/","url":"https:\/\/trebolserviciosgenerales.com\/index.php\/empresa\/","name":"Empresa - El Tr\u00e9bol servicios generales","isPartOf":{"@id":"https:\/\/trebolserviciosgenerales.com\/#website"},"primaryImageOfPage":{"@id":"https:\/\/trebolserviciosgenerales.com\/index.php\/empresa\/#primaryimage"},"image":{"@id":"https:\/\/trebolserviciosgenerales.com\/index.php\/empresa\/#primaryimage"},"thumbnailUrl":"https:\/\/trebolserviciosgenerales.com\/wp-content\/uploads\/2024\/03\/Diseno_sin_titulo__2_-removebg-preview.png","datePublished":"2024-03-20T02:20:32+00:00","dateModified":"2026-03-03T20:45:19+00:00","breadcrumb":{"@id":"https:\/\/trebolserviciosgenerales.com\/index.php\/empresa\/#breadcrumb"},"inLanguage":"es-CO","potentialAction":[{"@type":"ReadAction","target":["https:\/\/trebolserviciosgenerales.com\/index.php\/empresa\/"]}]},{"@type":"ImageObject","inLanguage":"es-CO","@id":"https:\/\/trebolserviciosgenerales.com\/index.php\/empresa\/#primaryimage","url":"https:\/\/trebolserviciosgenerales.com\/wp-content\/uploads\/2024\/03\/Diseno_sin_titulo__2_-removebg-preview.png","contentUrl":"https:\/\/trebolserviciosgenerales.com\/wp-content\/uploads\/2024\/03\/Diseno_sin_titulo__2_-removebg-preview.png","width":500,"height":500},{"@type":"BreadcrumbList","@id":"https:\/\/trebolserviciosgenerales.com\/index.php\/empresa\/#breadcrumb","itemListElement":[{"@type":"ListItem","position":1,"name":"Inicio","item":"https:\/\/trebolserviciosgenerales.com\/"},{"@type":"ListItem","position":2,"name":"Empresa"}]},{"@type":"WebSite","@id":"https:\/\/trebolserviciosgenerales.com\/#website","url":"https:\/\/trebolserviciosgenerales.com\/","name":"El Tr\u00e9bol servicios generales","description":"","publisher":{"@id":"https:\/\/trebolserviciosgenerales.com\/#organization"},"potentialAction":[{"@type":"SearchAction","target":{"@type":"EntryPoint","urlTemplate":"https:\/\/trebolserviciosgenerales.com\/?s={search_term_string}"},"query-input":{"@type":"PropertyValueSpecification","valueRequired":true,"valueName":"search_term_string"}}],"inLanguage":"es-CO"},{"@type":"Organization","@id":"https:\/\/trebolserviciosgenerales.com\/#organization","name":"El Tr\u00e9bol servicios generales","url":"https:\/\/trebolserviciosgenerales.com\/","logo":{"@type":"ImageObject","inLanguage":"es-CO","@id":"https:\/\/trebolserviciosgenerales.com\/#\/schema\/logo\/image\/","url":"https:\/\/trebolserviciosgenerales.com\/wp-content\/uploads\/2024\/03\/JRVMUSA-1.png","contentUrl":"https:\/\/trebolserviciosgenerales.com\/wp-content\/uploads\/2024\/03\/JRVMUSA-1.png","width":1500,"height":500,"caption":"El Tr\u00e9bol servicios generales"},"image":{"@id":"https:\/\/trebolserviciosgenerales.com\/#\/schema\/logo\/image\/"}}]}},"_links":{"self":[{"href":"https:\/\/trebolserviciosgenerales.com\/index.php\/wp-json\/wp\/v2\/pages\/14","targetHints":{"allow":["GET"]}}],"collection":[{"href":"https:\/\/trebolserviciosgenerales.com\/index.php\/wp-json\/wp\/v2\/pages"}],"about":[{"href":"https:\/\/trebolserviciosgenerales.com\/index.php\/wp-json\/wp\/v2\/types\/page"}],"author":[{"embeddable":true,"href":"https:\/\/trebolserviciosgenerales.com\/index.php\/wp-json\/wp\/v2\/users\/1"}],"replies":[{"embeddable":true,"href":"https:\/\/trebolserviciosgenerales.com\/index.php\/wp-json\/wp\/v2\/comments?post=14"}],"version-history":[{"count":155,"href":"https:\/\/trebolserviciosgenerales.com\/index.php\/wp-json\/wp\/v2\/pages\/14\/revisions"}],"predecessor-version":[{"id":1157,"href":"https:\/\/trebolserviciosgenerales.com\/index.php\/wp-json\/wp\/v2\/pages\/14\/revisions\/1157"}],"wp:attachment":[{"href":"https:\/\/trebolserviciosgenerales.com\/index.php\/wp-json\/wp\/v2\/media?parent=14"}],"curies":[{"name":"wp","href":"https:\/\/api.w.org\/{rel}","templated":true}]}}